{"id":14851,"date":"2024-03-14T12:49:41","date_gmt":"2024-03-14T10:49:41","guid":{"rendered":"https:\/\/332abbdcnhayqus6.prev.site\/aasen\/?page_id=14851"},"modified":"2024-12-18T12:41:16","modified_gmt":"2024-12-18T10:41:16","slug":"apenhetsloven","status":"publish","type":"page","link":"https:\/\/aaele.no\/aasen\/apenhetsloven\/","title":{"rendered":"\u00c5penhetsloven"},"content":{"rendered":"\t\t<div data-elementor-type=\"wp-page\" data-elementor-id=\"14851\" class=\"elementor elementor-14851\" data-elementor-post-type=\"page\">\n\t\t\t\t\t\t<section class=\"elementor-section elementor-top-section elementor-element elementor-element-72d3844 elementor-section-boxed elementor-section-height-default elementor-section-height-default\" data-id=\"72d3844\" data-element_type=\"section\" data-e-type=\"section\" data-settings=\"{&quot;jet_parallax_layout_list&quot;:[]}\">\n\t\t\t\t\t\t<div class=\"elementor-container elementor-column-gap-default\">\n\t\t\t\t\t<div class=\"elementor-column elementor-col-100 elementor-top-column elementor-element elementor-element-92d332c\" data-id=\"92d332c\" data-element_type=\"column\" data-e-type=\"column\">\n\t\t\t<div class=\"elementor-widget-wrap elementor-element-populated\">\n\t\t\t\t\t\t<div class=\"elementor-element elementor-element-be3c92b elementor-hidden-tablet elementor-hidden-mobile_extra elementor-hidden-mobile elementor-widget elementor-widget-shortcode\" data-id=\"be3c92b\" data-element_type=\"widget\" data-e-type=\"widget\" data-widget_type=\"shortcode.default\">\n\t\t\t\t<div class=\"elementor-widget-container\">\n\t\t\t\t\t\t\t<div class=\"elementor-shortcode\"><nav aria-label=\"breadcrumbs\" class=\"rank-math-breadcrumb\"><p><span class=\"last\">Hjem<\/span><\/p><\/nav><\/div>\n\t\t\t\t\t\t<\/div>\n\t\t\t\t<\/div>\n\t\t\t\t\t<\/div>\n\t\t<\/div>\n\t\t\t\t\t<\/div>\n\t\t<\/section>\n\t\t\t\t<section class=\"elementor-section elementor-top-section elementor-element elementor-element-381e863 elementor-section-boxed elementor-section-height-default elementor-section-height-default\" data-id=\"381e863\" data-element_type=\"section\" data-e-type=\"section\" data-settings=\"{&quot;jet_parallax_layout_list&quot;:[]}\">\n\t\t\t\t\t\t<div class=\"elementor-container elementor-column-gap-default\">\n\t\t\t\t\t<div class=\"elementor-column elementor-col-100 elementor-top-column elementor-element elementor-element-0c8ea47\" data-id=\"0c8ea47\" data-element_type=\"column\" data-e-type=\"column\">\n\t\t\t<div class=\"elementor-widget-wrap elementor-element-populated\">\n\t\t\t\t\t\t<div class=\"elementor-element elementor-element-f675c5f elementor-widget elementor-widget-heading\" data-id=\"f675c5f\" data-element_type=\"widget\" data-e-type=\"widget\" data-widget_type=\"heading.default\">\n\t\t\t\t<div class=\"elementor-widget-container\">\n\t\t\t\t\t<h1 class=\"elementor-heading-title elementor-size-default\">\u00c5PENHETSLOVEN<\/h1>\t\t\t\t<\/div>\n\t\t\t\t<\/div>\n\t\t\t\t<div class=\"elementor-element elementor-element-740df83 elementor-widget elementor-widget-text-editor\" data-id=\"740df83\" data-element_type=\"widget\" data-e-type=\"widget\" data-widget_type=\"text-editor.default\">\n\t\t\t\t<div class=\"elementor-widget-container\">\n\t\t\t\t\t\t\t\t\t<p>AA Elektro Installasjon AS stiller h\u00f8ye krav til kvalitet, HMS, klima\/milj\u00f8 og andre elementer innen b\u00e6rekraft. For oss selv, v\u00e5re leverand\u00f8rer og forretningspartnere.<\/p>\t\t\t\t\t\t\t\t<\/div>\n\t\t\t\t<\/div>\n\t\t\t\t\t<\/div>\n\t\t<\/div>\n\t\t\t\t\t<\/div>\n\t\t<\/section>\n\t\t\t\t<section class=\"elementor-section elementor-top-section elementor-element elementor-element-7c74617 elementor-section-boxed elementor-section-height-default elementor-section-height-default\" data-id=\"7c74617\" data-element_type=\"section\" data-e-type=\"section\" data-settings=\"{&quot;jet_parallax_layout_list&quot;:[]}\">\n\t\t\t\t\t\t<div class=\"elementor-container elementor-column-gap-default\">\n\t\t\t\t\t<div class=\"elementor-column elementor-col-100 elementor-top-column elementor-element elementor-element-39d4364\" data-id=\"39d4364\" data-element_type=\"column\" data-e-type=\"column\">\n\t\t\t<div class=\"elementor-widget-wrap elementor-element-populated\">\n\t\t\t\t\t\t<div class=\"elementor-element elementor-element-d3c9798 elementor-widget elementor-widget-image\" data-id=\"d3c9798\" data-element_type=\"widget\" data-e-type=\"widget\" data-widget_type=\"image.default\">\n\t\t\t\t<div class=\"elementor-widget-container\">\n\t\t\t\t\t\t\t\t\t\t\t\t\t\t\t<img fetchpriority=\"high\" decoding=\"async\" width=\"800\" height=\"533\" src=\"https:\/\/aaele.no\/aasen\/wp-content\/uploads\/2023\/06\/w1xa1k79j3goz3cfry4a-1024x682.jpg\" class=\"attachment-large size-large wp-image-14458\" alt=\"AA Eektro\" srcset=\"https:\/\/aaele.no\/aasen\/wp-content\/uploads\/2023\/06\/w1xa1k79j3goz3cfry4a-1024x682.jpg 1024w, https:\/\/aaele.no\/aasen\/wp-content\/uploads\/2023\/06\/w1xa1k79j3goz3cfry4a-600x400.jpg 600w, https:\/\/aaele.no\/aasen\/wp-content\/uploads\/2023\/06\/w1xa1k79j3goz3cfry4a-300x200.jpg 300w, https:\/\/aaele.no\/aasen\/wp-content\/uploads\/2023\/06\/w1xa1k79j3goz3cfry4a-768x512.jpg 768w, https:\/\/aaele.no\/aasen\/wp-content\/uploads\/2023\/06\/w1xa1k79j3goz3cfry4a-1536x1023.jpg 1536w, https:\/\/aaele.no\/aasen\/wp-content\/uploads\/2023\/06\/w1xa1k79j3goz3cfry4a-2048x1364.jpg 2048w\" sizes=\"(max-width: 800px) 100vw, 800px\" \/>\t\t\t\t\t\t\t\t\t\t\t\t\t\t\t<\/div>\n\t\t\t\t<\/div>\n\t\t\t\t\t<\/div>\n\t\t<\/div>\n\t\t\t\t\t<\/div>\n\t\t<\/section>\n\t\t\t\t<section class=\"elementor-section elementor-top-section elementor-element elementor-element-336a989 elementor-section-full_width elementor-section-height-default elementor-section-height-default\" data-id=\"336a989\" data-element_type=\"section\" data-e-type=\"section\" data-settings=\"{&quot;background_background&quot;:&quot;classic&quot;,&quot;jet_parallax_layout_list&quot;:[]}\">\n\t\t\t\t\t\t<div class=\"elementor-container elementor-column-gap-default\">\n\t\t\t\t\t<div class=\"elementor-column elementor-col-33 elementor-top-column elementor-element elementor-element-d1bd325\" data-id=\"d1bd325\" data-element_type=\"column\" data-e-type=\"column\">\n\t\t\t<div class=\"elementor-widget-wrap\">\n\t\t\t\t\t\t\t<\/div>\n\t\t<\/div>\n\t\t\t\t<div class=\"elementor-column elementor-col-33 elementor-top-column elementor-element elementor-element-c94b954\" data-id=\"c94b954\" data-element_type=\"column\" data-e-type=\"column\" data-settings=\"{&quot;background_background&quot;:&quot;classic&quot;}\">\n\t\t\t<div class=\"elementor-widget-wrap elementor-element-populated\">\n\t\t\t\t\t\t<div class=\"elementor-element elementor-element-da7c443 elementor-widget elementor-widget-text-editor\" data-id=\"da7c443\" data-element_type=\"widget\" data-e-type=\"widget\" data-widget_type=\"text-editor.default\">\n\t\t\t\t<div class=\"elementor-widget-container\">\n\t\t\t\t\t\t\t\t\t<p>Gjennom v\u00e5r godkjenning som Milj\u00f8fyrt\u00e5rnbedrift og Startbank-bruker, en godkjenning for bygge- og anleggsn\u00e6ringen, m\u00e5 vi ved hver revisjon\/fornyelse dokumentere at vi oppfyller kravene som stilles i lover og forskrifter.<\/p><p>V\u00e5re leverand\u00f8rer og samarbeidspartnere er etablerte og seri\u00f8se akt\u00f8rer som vi har hatt et forhold til i en \u00e5rrekke, og derigjennom har god kjennskap til. For \u00e5 dokumentere at ogs\u00e5 disse f\u00f8lger opp sine forpliktelser, har vi utarbeidet og sendt ut en leverand\u00f8rerkl\u00e6ring med en rekke sp\u00f8rsm\u00e5l til de st\u00f8rste leverand\u00f8rene. Leverand\u00f8rerkl\u00e6ringen tar for seg forholdet til \u00e5penhetsloven, kvalitet, oppf\u00f8lging av underleverand\u00f8rer, milj\u00f8 og etiske retningslinjer. Ingen av svarene vi har f\u00e5tt tilsier at vi m\u00e5 iverksette ytterligere aktsomhetsvurderinger mot en eller flere av v\u00e5re leverand\u00f8rer.<\/p><p><span style=\"color: var( --e-global-color-text );\">Denne aktsomhetsvurderingen opp mot oss selv og v\u00e5re leverand\u00f8rer gjennomf\u00f8res\u00a0<\/span><span style=\"color: var( --e-global-color-text );\">\u00e5rlig i 1. kvartal, samt ligger ved tilbudsforesp\u00f8rsler i v\u00e5re prosjekter.\u00a0<\/span><span style=\"color: var( --e-global-color-text );\">Gjennom selskapets strategiprosess har vi valgt \u00e5 sette s\u00f8kelys p\u00e5 f\u00f8lgende av FNs <\/span><span style=\"color: var( --e-global-color-text );\">b\u00e6rekraftsm\u00e5l:<\/span><\/p><p><span style=\"color: var( --e-global-color-text );\">7: Ren energi til alle<br \/><\/span><span style=\"color: var( --e-global-color-text );\">8: Anstendig arbeid og \u00f8konomisk vekst<br \/><\/span><span style=\"color: var( --e-global-color-text );\">12: Ansvarlig forbruk og produksjon<br \/><br \/><\/span><\/p><p><strong><a href=\"https:\/\/332abbdcnhayqus6.prev.site\/aasen\/wp-content\/uploads\/2024\/03\/LEVERANDORERKLAERING.pdf\" target=\"_blank\" rel=\"noopener\">Klikk her for \u00e5 lese leverand\u00f8rerkl\u00e6ringen<\/a><\/strong><\/p><p><span style=\"color: var( --e-global-color-text );\"><br \/>Hvis det er sp\u00f8rsm\u00e5l og\/eller uklarheter knyttet til ovennevnte, ta kontakt med daglig\u00a0<\/span><span style=\"color: var( --e-global-color-text );\">leder, Christer Englund p\u00e5 e-post <\/span><a style=\"background-color: #fbfbfb;\" href=\"mailto:christer@332abbdcnhayqus6.prev.site\">christer@332abbdcnhayqus6.prev.site<\/a><span style=\"color: var( --e-global-color-text );\">.<\/span><\/p>\t\t\t\t\t\t\t\t<\/div>\n\t\t\t\t<\/div>\n\t\t\t\t<section class=\"elementor-section elementor-inner-section elementor-element elementor-element-ec0654b elementor-section-boxed elementor-section-height-default elementor-section-height-default\" data-id=\"ec0654b\" data-element_type=\"section\" data-e-type=\"section\" data-settings=\"{&quot;jet_parallax_layout_list&quot;:[]}\">\n\t\t\t\t\t\t<div class=\"elementor-container elementor-column-gap-default\">\n\t\t\t\t\t<div class=\"elementor-column elementor-col-100 elementor-inner-column elementor-element elementor-element-5d95c33 superman_col\" data-id=\"5d95c33\" data-element_type=\"column\" data-e-type=\"column\">\n\t\t\t<div class=\"elementor-widget-wrap elementor-element-populated\">\n\t\t\t\t\t\t<div class=\"elementor-element elementor-element-0b4cbb0 white_image elementor-widget elementor-widget-image\" data-id=\"0b4cbb0\" data-element_type=\"widget\" data-e-type=\"widget\" data-widget_type=\"image.default\">\n\t\t\t\t<div class=\"elementor-widget-container\">\n\t\t\t\t\t\t\t\t\t\t\t\t\t\t\t<img decoding=\"async\" width=\"2743\" height=\"3297\" src=\"https:\/\/aaele.no\/aasen\/wp-content\/uploads\/2023\/04\/SuperhELt_med-tekst_1.png\" class=\"attachment-full size-full wp-image-11083\" alt=\"SuperhELt med tekst\" srcset=\"https:\/\/aaele.no\/aasen\/wp-content\/uploads\/2023\/04\/SuperhELt_med-tekst_1.png 2743w, https:\/\/aaele.no\/aasen\/wp-content\/uploads\/2023\/04\/SuperhELt_med-tekst_1-600x721.png 600w, https:\/\/aaele.no\/aasen\/wp-content\/uploads\/2023\/04\/SuperhELt_med-tekst_1-250x300.png 250w, https:\/\/aaele.no\/aasen\/wp-content\/uploads\/2023\/04\/SuperhELt_med-tekst_1-852x1024.png 852w, https:\/\/aaele.no\/aasen\/wp-content\/uploads\/2023\/04\/SuperhELt_med-tekst_1-768x923.png 768w, https:\/\/aaele.no\/aasen\/wp-content\/uploads\/2023\/04\/SuperhELt_med-tekst_1-1278x1536.png 1278w, https:\/\/aaele.no\/aasen\/wp-content\/uploads\/2023\/04\/SuperhELt_med-tekst_1-1704x2048.png 1704w\" sizes=\"(max-width: 2743px) 100vw, 2743px\" \/>\t\t\t\t\t\t\t\t\t\t\t\t\t\t\t<\/div>\n\t\t\t\t<\/div>\n\t\t\t\t<div class=\"elementor-element elementor-element-13d6b68 elementor-absolute elementor-widget elementor-widget-image\" data-id=\"13d6b68\" data-element_type=\"widget\" data-e-type=\"widget\" data-settings=\"{&quot;_position&quot;:&quot;absolute&quot;}\" data-widget_type=\"image.default\">\n\t\t\t\t<div class=\"elementor-widget-container\">\n\t\t\t\t\t\t\t\t\t\t\t\t\t\t\t<img decoding=\"async\" width=\"2743\" height=\"3297\" src=\"https:\/\/aaele.no\/aasen\/wp-content\/uploads\/2023\/05\/superman-up.png\" class=\"attachment-full size-full wp-image-11440\" alt=\"superman up\" srcset=\"https:\/\/aaele.no\/aasen\/wp-content\/uploads\/2023\/05\/superman-up.png 2743w, https:\/\/aaele.no\/aasen\/wp-content\/uploads\/2023\/05\/superman-up-600x721.png 600w, https:\/\/aaele.no\/aasen\/wp-content\/uploads\/2023\/05\/superman-up-250x300.png 250w, https:\/\/aaele.no\/aasen\/wp-content\/uploads\/2023\/05\/superman-up-852x1024.png 852w, https:\/\/aaele.no\/aasen\/wp-content\/uploads\/2023\/05\/superman-up-768x923.png 768w, https:\/\/aaele.no\/aasen\/wp-content\/uploads\/2023\/05\/superman-up-1278x1536.png 1278w, https:\/\/aaele.no\/aasen\/wp-content\/uploads\/2023\/05\/superman-up-1704x2048.png 1704w\" sizes=\"(max-width: 2743px) 100vw, 2743px\" \/>\t\t\t\t\t\t\t\t\t\t\t\t\t\t\t<\/div>\n\t\t\t\t<\/div>\n\t\t\t\t\t<\/div>\n\t\t<\/div>\n\t\t\t\t\t<\/div>\n\t\t<\/section>\n\t\t\t\t\t<\/div>\n\t\t<\/div>\n\t\t\t\t<div class=\"elementor-column elementor-col-33 elementor-top-column elementor-element elementor-element-94ec027\" data-id=\"94ec027\" data-element_type=\"column\" data-e-type=\"column\">\n\t\t\t<div class=\"elementor-widget-wrap\">\n\t\t\t\t\t\t\t<\/div>\n\t\t<\/div>\n\t\t\t\t\t<\/div>\n\t\t<\/section>\n\t\t\t\t<section class=\"elementor-section elementor-top-section elementor-element elementor-element-3af40be elementor-section-boxed elementor-section-height-default elementor-section-height-default\" data-id=\"3af40be\" data-element_type=\"section\" data-e-type=\"section\" data-settings=\"{&quot;jet_parallax_layout_list&quot;:[]}\">\n\t\t\t\t\t\t<div class=\"elementor-container elementor-column-gap-default\">\n\t\t\t\t\t<div class=\"elementor-column elementor-col-50 elementor-top-column elementor-element elementor-element-039e687\" data-id=\"039e687\" data-element_type=\"column\" data-e-type=\"column\">\n\t\t\t<div class=\"elementor-widget-wrap elementor-element-populated\">\n\t\t\t\t\t\t<div class=\"elementor-element elementor-element-6db818a elementor-widget elementor-widget-heading\" data-id=\"6db818a\" data-element_type=\"widget\" data-e-type=\"widget\" data-widget_type=\"heading.default\">\n\t\t\t\t<div class=\"elementor-widget-container\">\n\t\t\t\t\t<h2 class=\"elementor-heading-title elementor-size-default\">LURER DU P\u00c5 NOE?<\/h2>\t\t\t\t<\/div>\n\t\t\t\t<\/div>\n\t\t\t\t\t<\/div>\n\t\t<\/div>\n\t\t\t\t<div class=\"elementor-column elementor-col-50 elementor-top-column elementor-element elementor-element-9eab51e\" data-id=\"9eab51e\" data-element_type=\"column\" data-e-type=\"column\">\n\t\t\t<div class=\"elementor-widget-wrap elementor-element-populated\">\n\t\t\t\t\t\t<div class=\"elementor-element elementor-element-938192c elementor-widget elementor-widget-text-editor\" data-id=\"938192c\" data-element_type=\"widget\" data-e-type=\"widget\" data-widget_type=\"text-editor.default\">\n\t\t\t\t<div class=\"elementor-widget-container\">\n\t\t\t\t\t\t\t\t\t<p>Vi tar gjerne en prat med deg. Vi tilbyr gratis digital befaring eller bare en prat p\u00e5 telefon.<\/p>\t\t\t\t\t\t\t\t<\/div>\n\t\t\t\t<\/div>\n\t\t\t\t<div class=\"elementor-element elementor-element-d23667b elementor-widget__width-auto elementor-widget elementor-widget-button\" data-id=\"d23667b\" data-element_type=\"widget\" data-e-type=\"widget\" data-widget_type=\"button.default\">\n\t\t\t\t<div class=\"elementor-widget-container\">\n\t\t\t\t\t\t\t\t\t<div class=\"elementor-button-wrapper\">\n\t\t\t\t\t<a class=\"elementor-button elementor-button-link elementor-size-sm\" href=\"\/aasen\/kontakt-oss\/\">\n\t\t\t\t\t\t<span class=\"elementor-button-content-wrapper\">\n\t\t\t\t\t\t\t\t\t<span class=\"elementor-button-text\">KONTAKT OSS<\/span>\n\t\t\t\t\t<\/span>\n\t\t\t\t\t<\/a>\n\t\t\t\t<\/div>\n\t\t\t\t\t\t\t\t<\/div>\n\t\t\t\t<\/div>\n\t\t\t\t\t<\/div>\n\t\t<\/div>\n\t\t\t\t\t<\/div>\n\t\t<\/section>\n\t\t\t\t<\/div>\n\t\t","protected":false},"excerpt":{"rendered":"<p>\u00c5PENHETSLOVEN AA Elektro Installasjon AS stiller h\u00f8ye krav til kvalitet, HMS, klima\/milj\u00f8 og andre elementer innen b\u00e6rekraft. For oss selv, v\u00e5re leverand\u00f8rer og forretningspartnere. Gjennom v\u00e5r godkjenning som Milj\u00f8fyrt\u00e5rnbedrift og Startbank-bruker, en godkjenning for bygge- og anleggsn\u00e6ringen, m\u00e5 vi ved hver revisjon\/fornyelse dokumentere at vi oppfyller kravene som stilles i lover og forskrifter. V\u00e5re leverand\u00f8rer [&hellip;]<\/p>\n","protected":false},"author":4,"featured_media":0,"parent":0,"menu_order":0,"comment_status":"closed","ping_status":"closed","template":"","meta":{"footnotes":""},"class_list":["post-14851","page","type-page","status-publish","hentry"],"acf":[],"_links":{"self":[{"href":"https:\/\/aaele.no\/aasen\/wp-json\/wp\/v2\/pages\/14851","targetHints":{"allow":["GET"]}}],"collection":[{"href":"https:\/\/aaele.no\/aasen\/wp-json\/wp\/v2\/pages"}],"about":[{"href":"https:\/\/aaele.no\/aasen\/wp-json\/wp\/v2\/types\/page"}],"author":[{"embeddable":true,"href":"https:\/\/aaele.no\/aasen\/wp-json\/wp\/v2\/users\/4"}],"replies":[{"embeddable":true,"href":"https:\/\/aaele.no\/aasen\/wp-json\/wp\/v2\/comments?post=14851"}],"version-history":[{"count":8,"href":"https:\/\/aaele.no\/aasen\/wp-json\/wp\/v2\/pages\/14851\/revisions"}],"predecessor-version":[{"id":15911,"href":"https:\/\/aaele.no\/aasen\/wp-json\/wp\/v2\/pages\/14851\/revisions\/15911"}],"wp:attachment":[{"href":"https:\/\/aaele.no\/aasen\/wp-json\/wp\/v2\/media?parent=14851"}],"curies":[{"name":"wp","href":"https:\/\/api.w.org\/{rel}","templated":true}]}}